{"id":112,"date":"2020-09-27T10:52:52","date_gmt":"2020-09-27T10:52:52","guid":{"rendered":"https:\/\/zerozetta.es\/?page_id=112"},"modified":"2025-07-02T12:51:03","modified_gmt":"2025-07-02T12:51:03","slug":"calendario-de-turnos-planilla-de-trabajo","status":"publish","type":"page","link":"https:\/\/zerozetta.es\/","title":{"rendered":"Calendario de Turnos &#8211; Planilla de Trabajo"},"content":{"rendered":"\n<hr class=\"wp-block-separator has-css-opacity\"\/>\n\n\n\n<figure class=\"wp-block-pullquote is-style-default\"><blockquote><p><img loading=\"lazy\" decoding=\"async\" width=\"150\" height=\"150\" class=\"wp-image-128\" style=\"width: 150px;\" src=\"https:\/\/zerozetta.es\/wp-content\/uploads\/Icono_GP.png\" alt=\"\" srcset=\"https:\/\/zerozetta.es\/wp-content\/uploads\/Icono_GP.png 512w, https:\/\/zerozetta.es\/wp-content\/uploads\/Icono_GP-300x300.png 300w, https:\/\/zerozetta.es\/wp-content\/uploads\/Icono_GP-150x150.png 150w\" sizes=\"auto, (max-width: 150px) 100vw, 150px\" \/><br><em>Organiza tus turnos de trabajo de forma f\u00e1cil y r\u00e1pida<\/em><\/p><\/blockquote><\/figure>\n\n\n\n<hr class=\"wp-block-separator has-css-opacity\"\/>\n\n\n\n<p><\/p>\n\n\n\n<p>Con \u00abCalendario de Turnos &#8211; Planilla de Trabajo\u00bb podr\u00e1s crear tu planilla y organizar tus turnos laborales de forma f\u00e1cil y r\u00e1pida.<\/p>\n\n\n\n<p>A trav\u00e9s del calendario podr\u00e1s personalizar tus turnos y a\u00f1adir informaci\u00f3n como: turnos nocturnos, d\u00edas festivos trabajados, dobles turnos, comentarios y pluses.<\/p>\n\n\n\n<p>Adem\u00e1s puedes consultar tus estad\u00edsticas peri\u00f3dicas con gr\u00e1ficos personalizados donde tendr\u00e1s un resumen completo de tu planilla, siempre disponible.<\/p>\n\n\n\n<p>Crea tus propios turnos y personaliza sus colores, nombres, horarios, etc\u2026<\/p>\n\n\n\n<p>No es necesario tener conexi\u00f3n a internet para utilizar la aplicaci\u00f3n.<\/p>\n\n\n\n<p><\/p>\n\n\n\n<figure class=\"wp-block-gallery has-nested-images columns-5 is-cropped wp-block-gallery-1 is-layout-flex wp-block-gallery-is-layout-flex\">\n<figure class=\"wp-block-image size-large\"><img loading=\"lazy\" decoding=\"async\" width=\"576\" height=\"1024\" data-id=\"114\" src=\"https:\/\/zerozetta.es\/wp-content\/uploads\/es_Cap_1-576x1024.png\" alt=\"\" class=\"wp-image-114\" srcset=\"https:\/\/zerozetta.es\/wp-content\/uploads\/es_Cap_1-576x1024.png 576w, https:\/\/zerozetta.es\/wp-content\/uploads\/es_Cap_1-169x300.png 169w, https:\/\/zerozetta.es\/wp-content\/uploads\/es_Cap_1-768x1365.png 768w, https:\/\/zerozetta.es\/wp-content\/uploads\/es_Cap_1-864x1536.png 864w, https:\/\/zerozetta.es\/wp-content\/uploads\/es_Cap_1.png 1080w\" sizes=\"auto, (max-width: 576px) 100vw, 576px\" \/><\/figure>\n\n\n\n<figure class=\"wp-block-image size-large\"><img loading=\"lazy\" decoding=\"async\" width=\"576\" height=\"1024\" data-id=\"120\" src=\"https:\/\/zerozetta.es\/wp-content\/uploads\/es_Cap_8-576x1024.png\" alt=\"\" class=\"wp-image-120\" srcset=\"https:\/\/zerozetta.es\/wp-content\/uploads\/es_Cap_8-576x1024.png 576w, https:\/\/zerozetta.es\/wp-content\/uploads\/es_Cap_8-169x300.png 169w, https:\/\/zerozetta.es\/wp-content\/uploads\/es_Cap_8-768x1365.png 768w, https:\/\/zerozetta.es\/wp-content\/uploads\/es_Cap_8-864x1536.png 864w, https:\/\/zerozetta.es\/wp-content\/uploads\/es_Cap_8.png 1080w\" sizes=\"auto, (max-width: 576px) 100vw, 576px\" \/><\/figure>\n\n\n\n<figure class=\"wp-block-image size-large\"><img loading=\"lazy\" decoding=\"async\" width=\"576\" height=\"1024\" data-id=\"122\" src=\"https:\/\/zerozetta.es\/wp-content\/uploads\/es_Cap_4-576x1024.png\" alt=\"\" class=\"wp-image-122\" srcset=\"https:\/\/zerozetta.es\/wp-content\/uploads\/es_Cap_4-576x1024.png 576w, https:\/\/zerozetta.es\/wp-content\/uploads\/es_Cap_4-169x300.png 169w, https:\/\/zerozetta.es\/wp-content\/uploads\/es_Cap_4-768x1365.png 768w, https:\/\/zerozetta.es\/wp-content\/uploads\/es_Cap_4-864x1536.png 864w, https:\/\/zerozetta.es\/wp-content\/uploads\/es_Cap_4.png 1080w\" sizes=\"auto, (max-width: 576px) 100vw, 576px\" \/><\/figure>\n\n\n\n<figure class=\"wp-block-image size-large\"><img loading=\"lazy\" decoding=\"async\" width=\"576\" height=\"1024\" data-id=\"116\" src=\"https:\/\/zerozetta.es\/wp-content\/uploads\/es_Cap_3-576x1024.png\" alt=\"\" class=\"wp-image-116\" srcset=\"https:\/\/zerozetta.es\/wp-content\/uploads\/es_Cap_3-576x1024.png 576w, https:\/\/zerozetta.es\/wp-content\/uploads\/es_Cap_3-169x300.png 169w, https:\/\/zerozetta.es\/wp-content\/uploads\/es_Cap_3-768x1365.png 768w, https:\/\/zerozetta.es\/wp-content\/uploads\/es_Cap_3-864x1536.png 864w, https:\/\/zerozetta.es\/wp-content\/uploads\/es_Cap_3.png 1080w\" sizes=\"auto, (max-width: 576px) 100vw, 576px\" \/><\/figure>\n\n\n\n<figure class=\"wp-block-image size-large\"><img loading=\"lazy\" decoding=\"async\" width=\"576\" height=\"1024\" data-id=\"121\" src=\"https:\/\/zerozetta.es\/wp-content\/uploads\/es_Cap_10-576x1024.png\" alt=\"\" class=\"wp-image-121\" srcset=\"https:\/\/zerozetta.es\/wp-content\/uploads\/es_Cap_10-576x1024.png 576w, https:\/\/zerozetta.es\/wp-content\/uploads\/es_Cap_10-169x300.png 169w, https:\/\/zerozetta.es\/wp-content\/uploads\/es_Cap_10-768x1365.png 768w, https:\/\/zerozetta.es\/wp-content\/uploads\/es_Cap_10-864x1536.png 864w, https:\/\/zerozetta.es\/wp-content\/uploads\/es_Cap_10.png 1080w\" sizes=\"auto, (max-width: 576px) 100vw, 576px\" \/><\/figure>\n\n\n\n<figure class=\"wp-block-image size-large\"><img loading=\"lazy\" decoding=\"async\" width=\"576\" height=\"1024\" data-id=\"119\" src=\"https:\/\/zerozetta.es\/wp-content\/uploads\/es_Cap_7-576x1024.png\" alt=\"\" class=\"wp-image-119\" srcset=\"https:\/\/zerozetta.es\/wp-content\/uploads\/es_Cap_7-576x1024.png 576w, https:\/\/zerozetta.es\/wp-content\/uploads\/es_Cap_7-169x300.png 169w, https:\/\/zerozetta.es\/wp-content\/uploads\/es_Cap_7-768x1365.png 768w, https:\/\/zerozetta.es\/wp-content\/uploads\/es_Cap_7-864x1536.png 864w, https:\/\/zerozetta.es\/wp-content\/uploads\/es_Cap_7.png 1080w\" sizes=\"auto, (max-width: 576px) 100vw, 576px\" \/><\/figure>\n\n\n\n<figure class=\"wp-block-image size-large\"><img loading=\"lazy\" decoding=\"async\" width=\"576\" height=\"1024\" data-id=\"118\" src=\"https:\/\/zerozetta.es\/wp-content\/uploads\/es_Cap_6-576x1024.png\" alt=\"\" class=\"wp-image-118\" srcset=\"https:\/\/zerozetta.es\/wp-content\/uploads\/es_Cap_6-576x1024.png 576w, https:\/\/zerozetta.es\/wp-content\/uploads\/es_Cap_6-169x300.png 169w, https:\/\/zerozetta.es\/wp-content\/uploads\/es_Cap_6-768x1365.png 768w, https:\/\/zerozetta.es\/wp-content\/uploads\/es_Cap_6-864x1536.png 864w, https:\/\/zerozetta.es\/wp-content\/uploads\/es_Cap_6.png 1080w\" sizes=\"auto, (max-width: 576px) 100vw, 576px\" \/><\/figure>\n\n\n\n<figure class=\"wp-block-image size-large\"><img loading=\"lazy\" decoding=\"async\" width=\"576\" height=\"1024\" data-id=\"124\" src=\"https:\/\/zerozetta.es\/wp-content\/uploads\/es_Cap_11-576x1024.png\" alt=\"\" class=\"wp-image-124\" srcset=\"https:\/\/zerozetta.es\/wp-content\/uploads\/es_Cap_11-576x1024.png 576w, https:\/\/zerozetta.es\/wp-content\/uploads\/es_Cap_11-169x300.png 169w, https:\/\/zerozetta.es\/wp-content\/uploads\/es_Cap_11-768x1365.png 768w, https:\/\/zerozetta.es\/wp-content\/uploads\/es_Cap_11-864x1536.png 864w, https:\/\/zerozetta.es\/wp-content\/uploads\/es_Cap_11.png 1080w\" sizes=\"auto, (max-width: 576px) 100vw, 576px\" \/><\/figure>\n\n\n\n<figure class=\"wp-block-image size-large\"><img loading=\"lazy\" decoding=\"async\" width=\"576\" height=\"1024\" data-id=\"117\" src=\"https:\/\/zerozetta.es\/wp-content\/uploads\/es_Cap_5-576x1024.png\" alt=\"\" class=\"wp-image-117\" srcset=\"https:\/\/zerozetta.es\/wp-content\/uploads\/es_Cap_5-576x1024.png 576w, https:\/\/zerozetta.es\/wp-content\/uploads\/es_Cap_5-169x300.png 169w, https:\/\/zerozetta.es\/wp-content\/uploads\/es_Cap_5-768x1365.png 768w, https:\/\/zerozetta.es\/wp-content\/uploads\/es_Cap_5-864x1536.png 864w, https:\/\/zerozetta.es\/wp-content\/uploads\/es_Cap_5.png 1080w\" sizes=\"auto, (max-width: 576px) 100vw, 576px\" \/><\/figure>\n\n\n\n<figure class=\"wp-block-image size-large\"><img loading=\"lazy\" decoding=\"async\" width=\"576\" height=\"1024\" data-id=\"115\" src=\"https:\/\/zerozetta.es\/wp-content\/uploads\/es_Cap_2-576x1024.png\" alt=\"\" class=\"wp-image-115\" srcset=\"https:\/\/zerozetta.es\/wp-content\/uploads\/es_Cap_2-576x1024.png 576w, https:\/\/zerozetta.es\/wp-content\/uploads\/es_Cap_2-169x300.png 169w, https:\/\/zerozetta.es\/wp-content\/uploads\/es_Cap_2-768x1365.png 768w, https:\/\/zerozetta.es\/wp-content\/uploads\/es_Cap_2-864x1536.png 864w, https:\/\/zerozetta.es\/wp-content\/uploads\/es_Cap_2.png 1080w\" sizes=\"auto, (max-width: 576px) 100vw, 576px\" \/><\/figure>\n<\/figure>\n\n\n\n<hr class=\"wp-block-separator has-css-opacity\"\/>\n\n\n\n<p><\/p>\n","protected":false},"excerpt":{"rendered":"<p>Organiza tus turnos de trabajo de forma f\u00e1cil y r\u00e1pida Con \u00abCalendario de Turnos &#8211; Planilla de Trabajo\u00bb podr\u00e1s crear tu planilla y organizar tus turnos laborales de forma f\u00e1cil y r\u00e1pida. A trav\u00e9s del calendario podr\u00e1s personalizar tus turnos y a\u00f1adir informaci\u00f3n como: turnos nocturnos, d\u00edas festivos trabajados, dobles turnos, comentarios y pluses. Adem\u00e1s [&hellip;]<\/p>\n","protected":false},"author":1,"featured_media":0,"parent":0,"menu_order":0,"comment_status":"closed","ping_status":"closed","template":"","meta":{"footnotes":""},"class_list":["post-112","page","type-page","status-publish","hentry"],"_links":{"self":[{"href":"https:\/\/zerozetta.es\/index.php?rest_route=\/wp\/v2\/pages\/112","targetHints":{"allow":["GET"]}}],"collection":[{"href":"https:\/\/zerozetta.es\/index.php?rest_route=\/wp\/v2\/pages"}],"about":[{"href":"https:\/\/zerozetta.es\/index.php?rest_route=\/wp\/v2\/types\/page"}],"author":[{"embeddable":true,"href":"https:\/\/zerozetta.es\/index.php?rest_route=\/wp\/v2\/users\/1"}],"replies":[{"embeddable":true,"href":"https:\/\/zerozetta.es\/index.php?rest_route=%2Fwp%2Fv2%2Fcomments&post=112"}],"version-history":[{"count":13,"href":"https:\/\/zerozetta.es\/index.php?rest_route=\/wp\/v2\/pages\/112\/revisions"}],"predecessor-version":[{"id":181,"href":"https:\/\/zerozetta.es\/index.php?rest_route=\/wp\/v2\/pages\/112\/revisions\/181"}],"wp:attachment":[{"href":"https:\/\/zerozetta.es\/index.php?rest_route=%2Fwp%2Fv2%2Fmedia&parent=112"}],"curies":[{"name":"wp","href":"https:\/\/api.w.org\/{rel}","templated":true}]}}